{"id":300,"date":"2024-10-30T08:58:57","date_gmt":"2024-10-30T06:58:57","guid":{"rendered":"https:\/\/agos.hu\/?page_id=300"},"modified":"2025-10-27T10:40:40","modified_gmt":"2025-10-27T08:40:40","slug":"business-lunch","status":"publish","type":"page","link":"https:\/\/agos.hu\/hu\/business-lunch\/","title":{"rendered":"BUSINESS LUNCH"},"content":{"rendered":"<div id='av_section_1'  class='avia-section av-2h970-2de103f55feac53c2e10238e1e4f93db main_color avia-section-default avia-no-border-styling  avia-builder-el-0  avia-builder-el-no-sibling  avia-bg-style-scroll container_wrap fullsize'  ><div class='container av-section-cont-open' ><main  role=\"main\" itemprop=\"mainContentOfPage\"  class='template-page content  av-content-full alpha units'><div class='post-entry post-entry-type-page post-entry-300'><div class='entry-content-wrapper clearfix'>\n<div  class='flex_column av-ih8j8-72951af19d7c6ae23971bf8b8854cbbb av_one_half  avia-builder-el-1  el_before_av_one_half  avia-builder-el-first  first flex_column_div  '     ><p>\n<style type=\"text\/css\" data-created_by=\"avia_inline_auto\" id=\"style-css-av-m2viu6zj-d9055a1bb50975512b15bf210b6b02fe\">\n#top .av-special-heading.av-m2viu6zj-d9055a1bb50975512b15bf210b6b02fe{\npadding-bottom:10px;\ncolor:#c7ab7e;\n}\nbody .av-special-heading.av-m2viu6zj-d9055a1bb50975512b15bf210b6b02fe .av-special-heading-tag .heading-char{\nfont-size:25px;\n}\n.av-special-heading.av-m2viu6zj-d9055a1bb50975512b15bf210b6b02fe .special-heading-inner-border{\nborder-color:#c7ab7e;\n}\n.av-special-heading.av-m2viu6zj-d9055a1bb50975512b15bf210b6b02fe .av-subheading{\nfont-size:15px;\n}\n<\/style>\n<div  class='av-special-heading av-m2viu6zj-d9055a1bb50975512b15bf210b6b02fe av-special-heading-h1 custom-color-heading blockquote modern-quote  avia-builder-el-2  el_before_av_textblock  avia-builder-el-first '><h1 class='av-special-heading-tag'  itemprop=\"headline\"  >AGOS \u00dczleti Eb\u00e9d Aj\u00e1nlat<\/h1><div class=\"special-heading-border\"><div class=\"special-heading-inner-border\"><\/div><\/div><\/div><br \/>\n\n<style type=\"text\/css\" data-created_by=\"avia_inline_auto\" id=\"style-css-av-m2viyopz-0735f6eb8d1c486e78087b91e68a2c3c\">\n#top .av_textblock_section.av-m2viyopz-0735f6eb8d1c486e78087b91e68a2c3c .avia_textblock{\ncolor:#c7ab7e;\n}\n<\/style>\n<section  class='av_textblock_section av-m2viyopz-0735f6eb8d1c486e78087b91e68a2c3c '   itemscope=\"itemscope\" itemtype=\"https:\/\/schema.org\/CreativeWork\" ><div class='avia_textblock av_inherit_color'  itemprop=\"text\" ><p>CSATLAKOZZON HOZZ\u00c1NK AZ AGOS-BAN EGY KELLEMES \u00dcZLETI EB\u00c9D\u00c9LM\u00c9NY\u00c9RT BUDAPEST SZ\u00cdV\u00c9BEN! \u00dcZLETI EB\u00c9D\u00dcNKET MINDEN H\u00c9TK\u00d6ZNAP 12:00 \u00c9S 15:00 K\u00d6Z\u00d6TT K\u00cdN\u00c1LJUK, <strong>K\u00c9TFOG\u00c1SOS MEN\u00dcNK 6490 FT-\u00c9RT<\/strong> VAGY <strong>H\u00c1ROMFOG\u00c1SOS MEN\u00dcNK 7990<\/strong> FT-\u00c9RT \u00c9RHET\u0150 EL.<\/p>\n<p>\u00cdZLELJE MEG SZEZON\u00c1LIS MEDITERR\u00c1N \u00c9TELEINKET, AMELYEK MAGYAR \u00cdZEKKEL VANNAK F\u0170SZEREZVE, \u00c9S TERVEZZE MEG, GYORS, \u00cdNYCSIKLAND\u00d3 \u00dcZLETI EB\u00c9DEIT N\u00c1LUNK. \u00c9LVEZZE AZ AGOS VIBR\u00c1L\u00d3 L\u00c9GK\u00d6R\u00c9T, AHOL MINDEN EB\u00c9D LEHET\u0150S\u00c9GET AD A KAPCSOLATTEREMT\u00c9SRE \u00c9S A KIKAPCSOL\u00d3D\u00c1SRA.<\/p>\n<p><strong>FOGLALJA LE ASZTAL\u00c1T M\u00c9G MA!<\/strong><\/p>\n<\/div><\/section><br \/>\n\n<style type=\"text\/css\" data-created_by=\"avia_inline_auto\" id=\"style-css-av-hq584-91348f8e6d1c0e6a81b8537a9f744ce6\">\n#top .hr.hr-invisible.av-hq584-91348f8e6d1c0e6a81b8537a9f744ce6{\nheight:20px;\n}\n<\/style>\n<div  class='hr av-hq584-91348f8e6d1c0e6a81b8537a9f744ce6 hr-invisible  avia-builder-el-4  el_after_av_textblock  el_before_av_button '><span class='hr-inner '><span class=\"hr-inner-style\"><\/span><\/span><\/div><br \/>\n<div  class='avia-button-wrap av-m2vizw2j-9bbe0a7a21b1cac8675a8d6729760729-wrap avia-button-left  avia-builder-el-5  el_after_av_hr  avia-builder-el-last '>\n<style type=\"text\/css\" data-created_by=\"avia_inline_auto\" id=\"style-css-av-m2vizw2j-9bbe0a7a21b1cac8675a8d6729760729\">\n#top #wrap_all .avia-button.av-m2vizw2j-9bbe0a7a21b1cac8675a8d6729760729{\ncolor:#0c1e19;\ntransition:all 0.4s ease-in-out;\n}\n<\/style>\n<a href='https:\/\/www.sevenrooms.com\/reservations\/agos\/offers-dir' class='avia-button av-m2vizw2j-9bbe0a7a21b1cac8675a8d6729760729 av-link-btn avia-icon_select-no avia-size-large avia-position-left av-icon-on-hover avia-color-theme-color' target=\"_blank\" rel=\"noopener noreferrer\"><span class='avia_iconbox_title' >ASZTALFOGLAL\u00c1S<\/span><span class='avia_button_background avia-button avia-color-theme-color-highlight' ><\/span><\/a><\/div><\/p><\/div><div  class='flex_column av-b6ecc-a8604e611002b8a765e00933600fd5cf av_one_half  avia-builder-el-6  el_after_av_one_half  avia-builder-el-last  flex_column_div  '     ><style type=\"text\/css\" data-created_by=\"avia_inline_auto\" id=\"style-css-av-m2vitrou-c619e712c22ba2d01c3b229e8ab558ce\">\n.avia-image-container.av-m2vitrou-c619e712c22ba2d01c3b229e8ab558ce img.avia_image{\nbox-shadow:none;\n}\n.avia-image-container.av-m2vitrou-c619e712c22ba2d01c3b229e8ab558ce .av-image-caption-overlay-center{\ncolor:#ffffff;\n}\n<\/style>\n<div  class='avia-image-container av-m2vitrou-c619e712c22ba2d01c3b229e8ab558ce av-styling- avia-align-center  avia-builder-el-7  avia-builder-el-no-sibling '   itemprop=\"image\" itemscope=\"itemscope\" itemtype=\"https:\/\/schema.org\/ImageObject\" ><div class=\"avia-image-container-inner\"><div class=\"avia-image-overlay-wrap\"><img decoding=\"async\" fetchpriority=\"high\" class='wp-image-297 avia-img-lazy-loading-not-297 avia_image ' src=\"https:\/\/agos.hu\/wp-content\/uploads\/2024\/10\/business-lunch.jpg\" alt='' title='business lunch'  height=\"651\" width=\"482\"  itemprop=\"thumbnailUrl\" srcset=\"https:\/\/agos.hu\/wp-content\/uploads\/2024\/10\/business-lunch.jpg 482w, https:\/\/agos.hu\/wp-content\/uploads\/2024\/10\/business-lunch-222x300.jpg 222w\" sizes=\"(max-width: 482px) 100vw, 482px\" \/><\/div><\/div><\/div><\/div>\n","protected":false},"excerpt":{"rendered":"","protected":false},"author":1,"featured_media":0,"parent":0,"menu_order":0,"comment_status":"closed","ping_status":"closed","template":"","meta":{"inline_featured_image":false,"footnotes":""},"class_list":["post-300","page","type-page","status-publish","hentry"],"yoast_head":"<!-- This site is optimized with the Yoast SEO plugin v27.3 - https:\/\/yoast.com\/product\/yoast-seo-wordpress\/ -->\n<title>BUSINESS LUNCH - Agos<\/title>\n<meta name=\"robots\" content=\"index, follow, max-snippet:-1, max-image-preview:large, max-video-preview:-1\" \/>\n<link rel=\"canonical\" href=\"https:\/\/agos.hu\/hu\/business-lunch\/\" \/>\n<meta property=\"og:locale\" content=\"hu_HU\" \/>\n<meta property=\"og:type\" content=\"article\" \/>\n<meta property=\"og:title\" content=\"BUSINESS LUNCH - Agos\" \/>\n<meta property=\"og:url\" content=\"https:\/\/agos.hu\/hu\/business-lunch\/\" \/>\n<meta property=\"og:site_name\" content=\"Agos\" \/>\n<meta property=\"article:modified_time\" content=\"2025-10-27T08:40:40+00:00\" \/>\n<meta name=\"twitter:card\" content=\"summary_large_image\" \/>\n<meta name=\"twitter:label1\" content=\"Becs\u00fclt olvas\u00e1si id\u0151\" \/>\n\t<meta name=\"twitter:data1\" content=\"1 perc\" \/>\n<script type=\"application\/ld+json\" class=\"yoast-schema-graph\">{\"@context\":\"https:\\\/\\\/schema.org\",\"@graph\":[{\"@type\":\"WebPage\",\"@id\":\"https:\\\/\\\/agos.hu\\\/hu\\\/business-lunch\\\/\",\"url\":\"https:\\\/\\\/agos.hu\\\/hu\\\/business-lunch\\\/\",\"name\":\"BUSINESS LUNCH - Agos\",\"isPartOf\":{\"@id\":\"https:\\\/\\\/agos.hu\\\/#website\"},\"datePublished\":\"2024-10-30T06:58:57+00:00\",\"dateModified\":\"2025-10-27T08:40:40+00:00\",\"breadcrumb\":{\"@id\":\"https:\\\/\\\/agos.hu\\\/hu\\\/business-lunch\\\/#breadcrumb\"},\"inLanguage\":\"hu\",\"potentialAction\":[{\"@type\":\"ReadAction\",\"target\":[\"https:\\\/\\\/agos.hu\\\/hu\\\/business-lunch\\\/\"]}]},{\"@type\":\"BreadcrumbList\",\"@id\":\"https:\\\/\\\/agos.hu\\\/hu\\\/business-lunch\\\/#breadcrumb\",\"itemListElement\":[{\"@type\":\"ListItem\",\"position\":1,\"name\":\"Kezd\u0151lap\",\"item\":\"https:\\\/\\\/agos.hu\\\/hu\\\/home\\\/\"},{\"@type\":\"ListItem\",\"position\":2,\"name\":\"BUSINESS LUNCH\"}]},{\"@type\":\"WebSite\",\"@id\":\"https:\\\/\\\/agos.hu\\\/#website\",\"url\":\"https:\\\/\\\/agos.hu\\\/\",\"name\":\"Agos\",\"description\":\"Az AGOS Budapest egyik legn\u00e9pszer\u0171bb gasztron\u00f3miai desztin\u00e1ci\u00f3ja.\",\"potentialAction\":[{\"@type\":\"SearchAction\",\"target\":{\"@type\":\"EntryPoint\",\"urlTemplate\":\"https:\\\/\\\/agos.hu\\\/?s={search_term_string}\"},\"query-input\":{\"@type\":\"PropertyValueSpecification\",\"valueRequired\":true,\"valueName\":\"search_term_string\"}}],\"inLanguage\":\"hu\"}]}<\/script>\n<!-- \/ Yoast SEO plugin. -->","yoast_head_json":{"title":"BUSINESS LUNCH - Agos","robots":{"index":"index","follow":"follow","max-snippet":"max-snippet:-1","max-image-preview":"max-image-preview:large","max-video-preview":"max-video-preview:-1"},"canonical":"https:\/\/agos.hu\/hu\/business-lunch\/","og_locale":"hu_HU","og_type":"article","og_title":"BUSINESS LUNCH - Agos","og_url":"https:\/\/agos.hu\/hu\/business-lunch\/","og_site_name":"Agos","article_modified_time":"2025-10-27T08:40:40+00:00","twitter_card":"summary_large_image","twitter_misc":{"Becs\u00fclt olvas\u00e1si id\u0151":"1 perc"},"schema":{"@context":"https:\/\/schema.org","@graph":[{"@type":"WebPage","@id":"https:\/\/agos.hu\/hu\/business-lunch\/","url":"https:\/\/agos.hu\/hu\/business-lunch\/","name":"BUSINESS LUNCH - Agos","isPartOf":{"@id":"https:\/\/agos.hu\/#website"},"datePublished":"2024-10-30T06:58:57+00:00","dateModified":"2025-10-27T08:40:40+00:00","breadcrumb":{"@id":"https:\/\/agos.hu\/hu\/business-lunch\/#breadcrumb"},"inLanguage":"hu","potentialAction":[{"@type":"ReadAction","target":["https:\/\/agos.hu\/hu\/business-lunch\/"]}]},{"@type":"BreadcrumbList","@id":"https:\/\/agos.hu\/hu\/business-lunch\/#breadcrumb","itemListElement":[{"@type":"ListItem","position":1,"name":"Kezd\u0151lap","item":"https:\/\/agos.hu\/hu\/home\/"},{"@type":"ListItem","position":2,"name":"BUSINESS LUNCH"}]},{"@type":"WebSite","@id":"https:\/\/agos.hu\/#website","url":"https:\/\/agos.hu\/","name":"Agos","description":"Az AGOS Budapest egyik legn\u00e9pszer\u0171bb gasztron\u00f3miai desztin\u00e1ci\u00f3ja.","potentialAction":[{"@type":"SearchAction","target":{"@type":"EntryPoint","urlTemplate":"https:\/\/agos.hu\/?s={search_term_string}"},"query-input":{"@type":"PropertyValueSpecification","valueRequired":true,"valueName":"search_term_string"}}],"inLanguage":"hu"}]}},"_links":{"self":[{"href":"https:\/\/agos.hu\/hu\/wp-json\/wp\/v2\/pages\/300","targetHints":{"allow":["GET"]}}],"collection":[{"href":"https:\/\/agos.hu\/hu\/wp-json\/wp\/v2\/pages"}],"about":[{"href":"https:\/\/agos.hu\/hu\/wp-json\/wp\/v2\/types\/page"}],"author":[{"embeddable":true,"href":"https:\/\/agos.hu\/hu\/wp-json\/wp\/v2\/users\/1"}],"replies":[{"embeddable":true,"href":"https:\/\/agos.hu\/hu\/wp-json\/wp\/v2\/comments?post=300"}],"version-history":[{"count":8,"href":"https:\/\/agos.hu\/hu\/wp-json\/wp\/v2\/pages\/300\/revisions"}],"predecessor-version":[{"id":1583,"href":"https:\/\/agos.hu\/hu\/wp-json\/wp\/v2\/pages\/300\/revisions\/1583"}],"wp:attachment":[{"href":"https:\/\/agos.hu\/hu\/wp-json\/wp\/v2\/media?parent=300"}],"curies":[{"name":"wp","href":"https:\/\/api.w.org\/{rel}","templated":true}]}}